{"id":719,"date":"2024-02-21T08:26:40","date_gmt":"2024-02-21T08:26:40","guid":{"rendered":"https:\/\/belenesparza.es\/index.php\/2024\/02\/21\/objetos-cosas-mateo-belen-esparza\/"},"modified":"2025-01-10T17:58:25","modified_gmt":"2025-01-10T16:58:25","slug":"objetos-cosas-mateo-belen-esparza","status":"publish","type":"page","link":"https:\/\/belenesparza.es\/index.php\/diseno\/objetos-cosas-mateo-belen-esparza\/","title":{"rendered":"Objetos \/ Cosas Mateo : belen.esparza"},"content":{"rendered":"<p>COSAS MATEO<br \/>\nEn el a\u00f1o 2010 naci\u00f3 Mateo. Ante todo la felicidad de un nuevo miembro en la familia, una nueva generaci\u00f3n, mi nieto. Me gusta hacer para \u00e9l cosas singulares, en lo necesario y en lo l\u00fadico. Y de ah\u00ed van surgiendo los objetos. Una mantita para abrigarlo, un movil de luz y color para observar desde la cuna,<\/p>\n<p>ya empieza a moverse ,un tocho de carton con tiras de colores anudadas para subirse, apoyarse, enredar con los nudos&#8230;., una manta de juegos plegable,facil de transportar.<\/p>\n<p>\n<img decoding=\"async\" src=\"http:\/\/belenesparza.es\/files\/gimgs\/31_img2316.jpg\" \/><\/p>\n<p>para subir,para ara\u00f1ar,para estirar\u00a0\u00a0<\/p>\n<p><img decoding=\"async\" src=\"http:\/\/belenesparza.es\/files\/gimgs\/31_img2371.jpg\" \/><\/p>\n<p>alfombra de juegos\u00a0\u00a0<\/p>\n<p><img decoding=\"async\" src=\"http:\/\/belenesparza.es\/files\/gimgs\/31_img2374.jpg\" \/><\/p>\n<p>se despliega\u00a0\u00a0<\/p>\n<p><img alt='31_img2367' src='https:\/\/web.archive.org\/web\/20241122144208\/http:\/\/www.belenesparza.es\/wp-content\/uploads\/2024\/02\/31_img2367.jpg' \/><\/p>\n<p>!a jugar!\u00a0\u00a0<\/p>\n<p><img alt='31_img1266' src='https:\/\/web.archive.org\/web\/20241122144208\/http:\/\/www.belenesparza.es\/wp-content\/uploads\/2024\/02\/31_img1266.jpg' \/><\/p>\n<p>taburete de carton \u00a0cintas de polipropileno<\/p>\n<p><img alt='31_20100111-lamparasnubesformigal-096' src='https:\/\/web.archive.org\/web\/20241122144208\/http:\/\/www.belenesparza.es\/wp-content\/uploads\/2024\/02\/31_20100111-lamparasnubesformigal-096.jpg' \/><\/p>\n<p>lluvia de colores\u00a0movil de alambre y policarbonato<\/p>\n<p><img alt='31_70movil6' src='https:\/\/web.archive.org\/web\/20241122144208\/http:\/\/www.belenesparza.es\/wp-content\/uploads\/2024\/02\/31_70movil6.jpg' \/> <img alt='31_70supermovil1' src='https:\/\/web.archive.org\/web\/20241122144208\/http:\/\/www.belenesparza.es\/wp-content\/uploads\/2024\/02\/31_70supermovil1.jpg' \/><\/p>\n<p>Los sue\u00f1os de Miro en luz\u00a0\u00a0<\/p>\n<p><img alt='31_img1506' src='https:\/\/web.archive.org\/web\/20241122144208\/http:\/\/www.belenesparza.es\/wp-content\/uploads\/2024\/02\/31_img1506.jpg' \/><\/p>\n<p>manta para mateo\u00a0tejido de punto en lana<\/p>\n<p><img alt='31_img1514' src='https:\/\/web.archive.org\/web\/20241122144208\/http:\/\/www.belenesparza.es\/wp-content\/uploads\/2024\/02\/31_img1514.jpg' \/><\/p>\n","protected":false},"excerpt":{"rendered":"<p>COSAS MATEO En el a\u00f1o 2010 naci\u00f3 Mateo. Ante todo la felicidad de un nuevo miembro en la familia, una nueva generaci\u00f3n, mi nieto. Me gusta hacer para \u00e9l cosas singulares, en lo necesario y en lo l\u00fadico. Y de ah\u00ed van surgiendo los objetos. Una mantita para abrigarlo, un movil de luz y color [&hellip;]<\/p>\n","protected":false},"author":1,"featured_media":0,"parent":863,"menu_order":0,"comment_status":"closed","ping_status":"closed","template":"","meta":{"ngg_post_thumbnail":0,"footnotes":""},"class_list":["post-719","page","type-page","status-publish","hentry"],"_links":{"self":[{"href":"https:\/\/belenesparza.es\/index.php\/wp-json\/wp\/v2\/pages\/719","targetHints":{"allow":["GET"]}}],"collection":[{"href":"https:\/\/belenesparza.es\/index.php\/wp-json\/wp\/v2\/pages"}],"about":[{"href":"https:\/\/belenesparza.es\/index.php\/wp-json\/wp\/v2\/types\/page"}],"author":[{"embeddable":true,"href":"https:\/\/belenesparza.es\/index.php\/wp-json\/wp\/v2\/users\/1"}],"replies":[{"embeddable":true,"href":"https:\/\/belenesparza.es\/index.php\/wp-json\/wp\/v2\/comments?post=719"}],"version-history":[{"count":2,"href":"https:\/\/belenesparza.es\/index.php\/wp-json\/wp\/v2\/pages\/719\/revisions"}],"predecessor-version":[{"id":1110,"href":"https:\/\/belenesparza.es\/index.php\/wp-json\/wp\/v2\/pages\/719\/revisions\/1110"}],"up":[{"embeddable":true,"href":"https:\/\/belenesparza.es\/index.php\/wp-json\/wp\/v2\/pages\/863"}],"wp:attachment":[{"href":"https:\/\/belenesparza.es\/index.php\/wp-json\/wp\/v2\/media?parent=719"}],"curies":[{"name":"wp","href":"https:\/\/api.w.org\/{rel}","templated":true}]}}