{"id":714,"date":"2023-12-06T03:23:23","date_gmt":"2023-12-06T03:23:23","guid":{"rendered":"https:\/\/belenesparza.es\/index.php\/2023\/12\/06\/diseno-grafico-panticosa-2-belen-esparza\/"},"modified":"2025-01-10T17:39:05","modified_gmt":"2025-01-10T16:39:05","slug":"diseno-grafico-panticosa-2-belen-esparza","status":"publish","type":"page","link":"https:\/\/belenesparza.es\/index.php\/diseno\/diseno-grafico-panticosa-2-belen-esparza\/","title":{"rendered":"Dise\u00f1o gr\u00e1fico \/ Panticosa 2 : belen.esparza"},"content":{"rendered":"<p><strong>Proyecto<\/strong> Hotel Mediodia 2<\/p>\n<p>\n<strong>Cliente<\/strong> Nozar<br \/>\n<strong>Arquitecto<\/strong> Rafael Moneo<br \/>\n<strong>Lugar<\/strong> Balneario de Panticosa, HUESCA<br \/>\n<strong>Fecha<\/strong> 2006-2008 Dise\u00f1os gr\u00e1ficos para la estampaci\u00f3n sobre madera de roble . Los paneles estampados se emplearon en la fabricaci\u00f3n de las puertas y el mobiliario de las habitaciones. Finalmente se proyectaron murales para los vest\u00edbulos de planta.<\/p>\n<p><img alt='6_143115' src='https:\/\/web.archive.org\/web\/20241122144208\/http:\/\/www.belenesparza.es\/wp-content\/uploads\/2023\/12\/6_143115.jpg' \/><\/p>\n<p>pattern 1\u00a0\u00a0<\/p>\n<p><img alt='6_143114' src='https:\/\/web.archive.org\/web\/20241122144208\/http:\/\/www.belenesparza.es\/wp-content\/uploads\/2023\/12\/6_143114.jpg' \/><\/p>\n<p>pattern 2\u00a0\u00a0<\/p>\n<p><img alt='6_143113' src='https:\/\/web.archive.org\/web\/20241122144208\/http:\/\/www.belenesparza.es\/wp-content\/uploads\/2023\/12\/6_143113.jpg' \/><\/p>\n<p>pattern 3\u00a0\u00a0<\/p>\n<p><img alt='6_143112' src='https:\/\/web.archive.org\/web\/20241122144208\/http:\/\/www.belenesparza.es\/wp-content\/uploads\/2023\/12\/6_143112.jpg' \/><\/p>\n<p>pattern 4\u00a0\u00a0<\/p>\n<p><img alt='6_disenografico4' src='https:\/\/web.archive.org\/web\/20241122144208\/http:\/\/www.belenesparza.es\/wp-content\/uploads\/2023\/12\/6_disenografico4.jpg' \/><\/p>\n<p>mural a partir del pattern 2\u00a0\u00a0<\/p>\n<p><img alt='6_disenografico3' src='https:\/\/web.archive.org\/web\/20241122144208\/http:\/\/www.belenesparza.es\/wp-content\/uploads\/2023\/12\/6_disenografico3.jpg' \/><\/p>\n<p>mural a partir del pattern 4\u00a0\u00a0<\/p>\n<p><img alt='6_disenografico2' src='https:\/\/web.archive.org\/web\/20241122144208\/http:\/\/www.belenesparza.es\/wp-content\/uploads\/2023\/12\/6_disenografico2.jpg' \/><\/p>\n<p>mural a partir del pattern 4\u00a0\u00a0<\/p>\n<p><img alt='6_disenografico1-9184149' src='https:\/\/web.archive.org\/web\/20241122144208\/http:\/\/www.belenesparza.es\/wp-content\/uploads\/2023\/12\/6_disenografico1-9184149.jpg' \/><\/p>\n<p>mural a partir del pattern 1\u00a0\u00a0<\/p>\n","protected":false},"excerpt":{"rendered":"<p>Proyecto Hotel Mediodia 2 Cliente Nozar Arquitecto Rafael Moneo Lugar Balneario de Panticosa, HUESCA Fecha 2006-2008 Dise\u00f1os gr\u00e1ficos para la estampaci\u00f3n sobre madera de roble . Los paneles estampados se emplearon en la fabricaci\u00f3n de las puertas y el mobiliario de las habitaciones. Finalmente se proyectaron murales para los vest\u00edbulos de planta. pattern 1\u00a0\u00a0 pattern [&hellip;]<\/p>\n","protected":false},"author":1,"featured_media":0,"parent":863,"menu_order":0,"comment_status":"closed","ping_status":"open","template":"","meta":{"ngg_post_thumbnail":0,"footnotes":""},"class_list":["post-714","page","type-page","status-publish","hentry"],"_links":{"self":[{"href":"https:\/\/belenesparza.es\/index.php\/wp-json\/wp\/v2\/pages\/714","targetHints":{"allow":["GET"]}}],"collection":[{"href":"https:\/\/belenesparza.es\/index.php\/wp-json\/wp\/v2\/pages"}],"about":[{"href":"https:\/\/belenesparza.es\/index.php\/wp-json\/wp\/v2\/types\/page"}],"author":[{"embeddable":true,"href":"https:\/\/belenesparza.es\/index.php\/wp-json\/wp\/v2\/users\/1"}],"replies":[{"embeddable":true,"href":"https:\/\/belenesparza.es\/index.php\/wp-json\/wp\/v2\/comments?post=714"}],"version-history":[{"count":2,"href":"https:\/\/belenesparza.es\/index.php\/wp-json\/wp\/v2\/pages\/714\/revisions"}],"predecessor-version":[{"id":879,"href":"https:\/\/belenesparza.es\/index.php\/wp-json\/wp\/v2\/pages\/714\/revisions\/879"}],"up":[{"embeddable":true,"href":"https:\/\/belenesparza.es\/index.php\/wp-json\/wp\/v2\/pages\/863"}],"wp:attachment":[{"href":"https:\/\/belenesparza.es\/index.php\/wp-json\/wp\/v2\/media?parent=714"}],"curies":[{"name":"wp","href":"https:\/\/api.w.org\/{rel}","templated":true}]}}