{"id":698,"date":"2023-03-25T21:23:35","date_gmt":"2023-03-25T21:23:35","guid":{"rendered":"https:\/\/belenesparza.es\/index.php\/2023\/03\/25\/aluminio-belen-esparza\/"},"modified":"2025-01-14T21:08:04","modified_gmt":"2025-01-14T20:08:04","slug":"aluminio-belen-esparza","status":"publish","type":"page","link":"https:\/\/belenesparza.es\/index.php\/materiales-y-tiempo\/aluminio-belen-esparza\/","title":{"rendered":"Aluminio"},"content":{"rendered":"<p>Composici\u00f3n digital de im\u00e1genes para posterior impresi\u00f3n sobre aluminio<\/p>\nngg_shortcode_0_placeholder\n","protected":false},"excerpt":{"rendered":"<p>Composici\u00f3n digital de im\u00e1genes para posterior impresi\u00f3n sobre aluminio<\/p>\n","protected":false},"author":1,"featured_media":0,"parent":933,"menu_order":0,"comment_status":"closed","ping_status":"open","template":"","meta":{"ngg_post_thumbnail":0,"footnotes":""},"class_list":["post-698","page","type-page","status-publish","hentry"],"_links":{"self":[{"href":"https:\/\/belenesparza.es\/index.php\/wp-json\/wp\/v2\/pages\/698","targetHints":{"allow":["GET"]}}],"collection":[{"href":"https:\/\/belenesparza.es\/index.php\/wp-json\/wp\/v2\/pages"}],"about":[{"href":"https:\/\/belenesparza.es\/index.php\/wp-json\/wp\/v2\/types\/page"}],"author":[{"embeddable":true,"href":"https:\/\/belenesparza.es\/index.php\/wp-json\/wp\/v2\/users\/1"}],"replies":[{"embeddable":true,"href":"https:\/\/belenesparza.es\/index.php\/wp-json\/wp\/v2\/comments?post=698"}],"version-history":[{"count":10,"href":"https:\/\/belenesparza.es\/index.php\/wp-json\/wp\/v2\/pages\/698\/revisions"}],"predecessor-version":[{"id":1255,"href":"https:\/\/belenesparza.es\/index.php\/wp-json\/wp\/v2\/pages\/698\/revisions\/1255"}],"up":[{"embeddable":true,"href":"https:\/\/belenesparza.es\/index.php\/wp-json\/wp\/v2\/pages\/933"}],"wp:attachment":[{"href":"https:\/\/belenesparza.es\/index.php\/wp-json\/wp\/v2\/media?parent=698"}],"curies":[{"name":"wp","href":"https:\/\/api.w.org\/{rel}","templated":true}]}}