{"id":681,"date":"2013-07-26T02:32:57","date_gmt":"2013-07-26T02:32:57","guid":{"rendered":"https:\/\/belenesparza.es\/index.php\/2013\/07\/26\/articulos-alfombra-de-juegos-belen-esparza\/"},"modified":"2026-05-04T12:46:23","modified_gmt":"2026-05-04T10:46:23","slug":"articulos-alfombra-de-juegos-belen-esparza","status":"publish","type":"page","link":"https:\/\/belenesparza.es\/index.php\/articulos\/articulos-alfombra-de-juegos-belen-esparza\/","title":{"rendered":"Art\u00edculos \/ Alfombra de juegos"},"content":{"rendered":"<p><strong>Alfombra para juegos de ni\u00f1os<\/strong><\/p>\n<p>La dise\u00f1\u00e9 para mi nieto Mateo.<\/p>\n<p>Cuando empez\u00f3 a gatear y a descubrir sus primeros juegos, el suelo resultaba fr\u00edo y nunca parec\u00eda lo suficientemente limpio.<\/p>\n<p>Asi que constru\u00ed una alfombra plegable y ligera, con base antideslizante, y que se pudiera transportar y recoger con facilidad.<\/p>\n<p>Est\u00e1 realizada con placas de moqueta de polipropileno, lavables, unidas con cintas el\u00e1sticas de algod\u00f3n de colores.<\/p>\n<p><strong>medida 105 x 105 , nueve piezas &#8211; 42 euros<br \/>\nmedida 140 x 140 , doce piezas &#8211; 54 euros<\/strong><\/p>\n<p><img alt='37_img23711-4530737-1' alt='37_img23711-4530737' src='https:\/\/web.archive.org\/web\/20241122144208\/http:\/\/www.belenesparza.es\/wp-content\/uploads\/2013\/07\/37_img23711-4530737-1.jpg' \/><strong>\u00a0<\/strong> \u00a0 <img alt='37_img23741-9175235' src='https:\/\/web.archive.org\/web\/20241122144208\/http:\/\/www.belenesparza.es\/wp-content\/uploads\/2013\/07\/37_img23741-9175235.jpg' \/><strong>\u00a0<\/strong> \u00a0 <img alt='37_img23681-2835480' src='https:\/\/web.archive.org\/web\/20241122144208\/http:\/\/www.belenesparza.es\/wp-content\/uploads\/2013\/07\/37_img23681-2835480.jpg' \/><strong>\u00a0<\/strong> \u00a0 <img alt='37_img23671-8841775' src='https:\/\/web.archive.org\/web\/20241122144208\/http:\/\/www.belenesparza.es\/wp-content\/uploads\/2013\/07\/37_img23671-8841775.jpg' \/><strong>\u00a0<\/strong> \u00a0<\/p>\n","protected":false},"excerpt":{"rendered":"<p>Alfombra para juegos de ni\u00f1os La dise\u00f1\u00e9 para mi nieto Mateo. Cuando empez\u00f3 a gatear y a descubrir sus primeros juegos, el suelo resultaba fr\u00edo y nunca parec\u00eda lo suficientemente limpio. Asi que constru\u00ed una alfombra plegable y ligera, con base antideslizante, y que se pudiera transportar y recoger con facilidad. Est\u00e1 realizada con placas [&hellip;]<\/p>\n","protected":false},"author":1,"featured_media":0,"parent":793,"menu_order":0,"comment_status":"closed","ping_status":"closed","template":"","meta":{"ngg_post_thumbnail":0,"footnotes":""},"class_list":["post-681","page","type-page","status-publish","hentry"],"_links":{"self":[{"href":"https:\/\/belenesparza.es\/index.php\/wp-json\/wp\/v2\/pages\/681","targetHints":{"allow":["GET"]}}],"collection":[{"href":"https:\/\/belenesparza.es\/index.php\/wp-json\/wp\/v2\/pages"}],"about":[{"href":"https:\/\/belenesparza.es\/index.php\/wp-json\/wp\/v2\/types\/page"}],"author":[{"embeddable":true,"href":"https:\/\/belenesparza.es\/index.php\/wp-json\/wp\/v2\/users\/1"}],"replies":[{"embeddable":true,"href":"https:\/\/belenesparza.es\/index.php\/wp-json\/wp\/v2\/comments?post=681"}],"version-history":[{"count":4,"href":"https:\/\/belenesparza.es\/index.php\/wp-json\/wp\/v2\/pages\/681\/revisions"}],"predecessor-version":[{"id":1316,"href":"https:\/\/belenesparza.es\/index.php\/wp-json\/wp\/v2\/pages\/681\/revisions\/1316"}],"up":[{"embeddable":true,"href":"https:\/\/belenesparza.es\/index.php\/wp-json\/wp\/v2\/pages\/793"}],"wp:attachment":[{"href":"https:\/\/belenesparza.es\/index.php\/wp-json\/wp\/v2\/media?parent=681"}],"curies":[{"name":"wp","href":"https:\/\/api.w.org\/{rel}","templated":true}]}}