{"id":679,"date":"2013-07-26T02:31:44","date_gmt":"2013-07-26T02:31:44","guid":{"rendered":"https:\/\/belenesparza.es\/index.php\/2013\/07\/26\/articulos-alfombra-belen-esparza\/"},"modified":"2026-05-04T12:45:23","modified_gmt":"2026-05-04T10:45:23","slug":"articulos-alfombra-belen-esparza","status":"publish","type":"page","link":"https:\/\/belenesparza.es\/index.php\/articulos\/articulos-alfombra-belen-esparza\/","title":{"rendered":"Art\u00edculos \/ Alfombra"},"content":{"rendered":"<p><strong>Alfombra<\/strong><\/p>\n<p>Un s\u00e1bado, al ir a comprar insecticida para las plantas del jard\u00edn, entr\u00e9 en una tienda de productos para el campo y encontr\u00e9, amontonadas en un rinc\u00f3n, una serie de bobinas de colores sorprendentes. Al preguntar para qu\u00e9 serv\u00edan, me explicaron que se emplean para atar las ramas injertadas de los frutales, y que se hac\u00edan con restos provenientes de f\u00e1bricas textiles, pero que no es f\u00e1cil de localizar en nuestro pa\u00eds.<\/p>\n<p>Alfombra tejida a mano fabricada en algod\u00f3n el\u00e1stico. Al tejer el material con t\u00e9cnica de crochet, adquiere grosor, se aploma bien en el suelo y no desliza. Compuesta de discos de distinto tama\u00f1o, permite confeccionar una alfombra para cualquier espacio irregular.<\/p>\n<p>Tama\u00f1o aproximado 130x 130<\/p>\n<p>Cada pieza es \u00fanica .<\/p>\n<p><strong>Precio 375 euros<\/strong><\/p>\n<p><img alt='39_alfombra-5-3565061-1' alt='39_alfombra-5-3565061' src='https:\/\/web.archive.org\/web\/20241122144208\/http:\/\/www.belenesparza.es\/wp-content\/uploads\/2013\/07\/39_alfombra-5-3565061-1.jpg' \/><strong>\u00a0<\/strong> \u00a0 <img alt='39_alfombra-4-9658777-1' alt='39_alfombra-4-9658777' src='https:\/\/web.archive.org\/web\/20241122144208\/http:\/\/www.belenesparza.es\/wp-content\/uploads\/2013\/07\/39_alfombra-4-9658777-1.jpg' \/><strong>\u00a0<\/strong> \u00a0 <img alt='39_alfombra-3-2239227' src='https:\/\/web.archive.org\/web\/20241122144208\/http:\/\/www.belenesparza.es\/wp-content\/uploads\/2013\/07\/39_alfombra-3-2239227.jpg' \/><strong>\u00a0<\/strong> \u00a0 <img alt='39_alfombra-2-2866333' src='https:\/\/web.archive.org\/web\/20241122144208\/http:\/\/www.belenesparza.es\/wp-content\/uploads\/2013\/07\/39_alfombra-2-2866333.jpg' \/><strong>\u00a0<\/strong> \u00a0 <img alt='39_alfombra-1-7240103' src='https:\/\/web.archive.org\/web\/20241122144208\/http:\/\/www.belenesparza.es\/wp-content\/uploads\/2013\/07\/39_alfombra-1-7240103.jpg' \/><strong>\u00a0<\/strong> \u00a0<\/p>\n","protected":false},"excerpt":{"rendered":"<p>Alfombra Un s\u00e1bado, al ir a comprar insecticida para las plantas del jard\u00edn, entr\u00e9 en una tienda de productos para el campo y encontr\u00e9, amontonadas en un rinc\u00f3n, una serie de bobinas de colores sorprendentes. Al preguntar para qu\u00e9 serv\u00edan, me explicaron que se emplean para atar las ramas injertadas de los frutales, y que [&hellip;]<\/p>\n","protected":false},"author":1,"featured_media":0,"parent":793,"menu_order":0,"comment_status":"closed","ping_status":"closed","template":"","meta":{"ngg_post_thumbnail":0,"footnotes":""},"class_list":["post-679","page","type-page","status-publish","hentry"],"_links":{"self":[{"href":"https:\/\/belenesparza.es\/index.php\/wp-json\/wp\/v2\/pages\/679","targetHints":{"allow":["GET"]}}],"collection":[{"href":"https:\/\/belenesparza.es\/index.php\/wp-json\/wp\/v2\/pages"}],"about":[{"href":"https:\/\/belenesparza.es\/index.php\/wp-json\/wp\/v2\/types\/page"}],"author":[{"embeddable":true,"href":"https:\/\/belenesparza.es\/index.php\/wp-json\/wp\/v2\/users\/1"}],"replies":[{"embeddable":true,"href":"https:\/\/belenesparza.es\/index.php\/wp-json\/wp\/v2\/comments?post=679"}],"version-history":[{"count":4,"href":"https:\/\/belenesparza.es\/index.php\/wp-json\/wp\/v2\/pages\/679\/revisions"}],"predecessor-version":[{"id":1314,"href":"https:\/\/belenesparza.es\/index.php\/wp-json\/wp\/v2\/pages\/679\/revisions\/1314"}],"up":[{"embeddable":true,"href":"https:\/\/belenesparza.es\/index.php\/wp-json\/wp\/v2\/pages\/793"}],"wp:attachment":[{"href":"https:\/\/belenesparza.es\/index.php\/wp-json\/wp\/v2\/media?parent=679"}],"curies":[{"name":"wp","href":"https:\/\/api.w.org\/{rel}","templated":true}]}}