{"id":677,"date":"2013-07-26T02:29:46","date_gmt":"2013-07-26T02:29:46","guid":{"rendered":"https:\/\/belenesparza.es\/index.php\/2013\/07\/26\/articulos-mantel-de-plomos-belen-esparza\/"},"modified":"2025-01-10T17:31:16","modified_gmt":"2025-01-10T16:31:16","slug":"articulos-mantel-de-plomos-belen-esparza","status":"publish","type":"page","link":"https:\/\/belenesparza.es\/index.php\/articulos\/articulos-mantel-de-plomos-belen-esparza\/","title":{"rendered":"Art\u00edculos \/ Mantel de plomos : belen.esparza"},"content":{"rendered":"<p><strong>Mantel con plomos<\/strong><\/p>\n<p>Hab\u00e9is observado que, a veces, cuesta colocar los manteles encuadrados con la mesa, o que se vuelan si estas en el jardin, por ello se me ocurri\u00f3 recurrir al truco que se empleaba en la confecci\u00f3n antiguamente. Los aros de plomo.<\/p>\n<p>Mantel fabricado en 100% lino r\u00fastico Borde de algod\u00f3n color rojo<\/p>\n<p>En los cuatro bordes se insertan plomos de costura colgados sobre cuerda reciclada<\/p>\n<p>Opcionalmente se pueden pedir servilletas de lino de 50 x 50 ribeteadas en algod\u00f3n rojo con detalle de cuerda.<br \/>\nSe confecciona en tres tama\u00f1os:<\/p>\n<p><strong>150 x 150 &#8211; 60 euros 150 x 210 &#8211; 90 euros<\/strong><\/p>\n<p><strong>150 x 260 &#8211; 105 euros<\/strong><\/p>\n<p>servilleta &#8211; 9 euros unidad<\/p>\n<p><\/p>\n<p><img alt='35_plomos5-8899088' src='https:\/\/web.archive.org\/web\/20241122144208\/http:\/\/www.belenesparza.es\/wp-content\/uploads\/2013\/07\/35_plomos5-8899088.jpg' \/><strong>\u00a0<\/strong> \u00a0 <img alt='35_plomos-2-3782827' src='https:\/\/web.archive.org\/web\/20241122144208\/http:\/\/www.belenesparza.es\/wp-content\/uploads\/2013\/07\/35_plomos-2-3782827.jpg' \/><strong>\u00a0<\/strong> \u00a0 <img alt='35_plomos-6-4163124' src='https:\/\/web.archive.org\/web\/20241122144208\/http:\/\/www.belenesparza.es\/wp-content\/uploads\/2013\/07\/35_plomos-6-4163124.jpg' \/><strong>\u00a0<\/strong> \u00a0 <img alt='35_plomos-7-5377052' src='https:\/\/web.archive.org\/web\/20241122144208\/http:\/\/www.belenesparza.es\/wp-content\/uploads\/2013\/07\/35_plomos-7-5377052.jpg' \/><strong>\u00a0<\/strong> \u00a0 <img alt='35_plomos-10-4940040' src='https:\/\/web.archive.org\/web\/20241122144208\/http:\/\/www.belenesparza.es\/wp-content\/uploads\/2013\/07\/35_plomos-10-4940040.jpg' \/><strong>\u00a0<\/strong> \u00a0 <img alt='35_plomos-11-5367293' src='https:\/\/web.archive.org\/web\/20241122144208\/http:\/\/www.belenesparza.es\/wp-content\/uploads\/2013\/07\/35_plomos-11-5367293.jpg' \/><strong>\u00a0<\/strong> \u00a0 <img alt='35_plomos-3-1609541' src='https:\/\/web.archive.org\/web\/20241122144208\/http:\/\/www.belenesparza.es\/wp-content\/uploads\/2013\/07\/35_plomos-3-1609541.jpg' \/><strong>\u00a0<\/strong> \u00a0<\/p>\n","protected":false},"excerpt":{"rendered":"<p>Mantel con plomos Hab\u00e9is observado que, a veces, cuesta colocar los manteles encuadrados con la mesa, o que se vuelan si estas en el jardin, por ello se me ocurri\u00f3 recurrir al truco que se empleaba en la confecci\u00f3n antiguamente. Los aros de plomo. Mantel fabricado en 100% lino r\u00fastico Borde de algod\u00f3n color rojo [&hellip;]<\/p>\n","protected":false},"author":1,"featured_media":0,"parent":793,"menu_order":0,"comment_status":"closed","ping_status":"open","template":"","meta":{"ngg_post_thumbnail":0,"footnotes":""},"class_list":["post-677","page","type-page","status-publish","hentry"],"_links":{"self":[{"href":"https:\/\/belenesparza.es\/index.php\/wp-json\/wp\/v2\/pages\/677","targetHints":{"allow":["GET"]}}],"collection":[{"href":"https:\/\/belenesparza.es\/index.php\/wp-json\/wp\/v2\/pages"}],"about":[{"href":"https:\/\/belenesparza.es\/index.php\/wp-json\/wp\/v2\/types\/page"}],"author":[{"embeddable":true,"href":"https:\/\/belenesparza.es\/index.php\/wp-json\/wp\/v2\/users\/1"}],"replies":[{"embeddable":true,"href":"https:\/\/belenesparza.es\/index.php\/wp-json\/wp\/v2\/comments?post=677"}],"version-history":[{"count":2,"href":"https:\/\/belenesparza.es\/index.php\/wp-json\/wp\/v2\/pages\/677\/revisions"}],"predecessor-version":[{"id":800,"href":"https:\/\/belenesparza.es\/index.php\/wp-json\/wp\/v2\/pages\/677\/revisions\/800"}],"up":[{"embeddable":true,"href":"https:\/\/belenesparza.es\/index.php\/wp-json\/wp\/v2\/pages\/793"}],"wp:attachment":[{"href":"https:\/\/belenesparza.es\/index.php\/wp-json\/wp\/v2\/media?parent=677"}],"curies":[{"name":"wp","href":"https:\/\/api.w.org\/{rel}","templated":true}]}}