{"id":676,"date":"2013-07-26T02:29:16","date_gmt":"2013-07-26T02:29:16","guid":{"rendered":"https:\/\/belenesparza.es\/index.php\/2013\/07\/26\/articulos-pano-de-cocina-belen-esparza\/"},"modified":"2025-01-10T17:31:54","modified_gmt":"2025-01-10T16:31:54","slug":"articulos-pano-de-cocina-belen-esparza","status":"publish","type":"page","link":"https:\/\/belenesparza.es\/index.php\/articulos\/articulos-pano-de-cocina-belen-esparza\/","title":{"rendered":"Art\u00edculos \/ Pa\u00f1o de cocina : belen.esparza"},"content":{"rendered":"<p><strong>Pa\u00f1o de cocina<\/strong><\/p>\n<p>La cocina en los \u00faltimos a\u00f1os ha pasado a ser una actividad social que practicamos con la familia y amigos. As\u00ed, cada vez valoramos m\u00e1s la funcionalidad y el dise\u00f1o de los utensilios, y los \u00abcocinitas\u00bb vamos desarrollando nuestras peque\u00f1as man\u00edas. La m\u00eda, es el pa\u00f1o de cocina. El pa\u00f1o de cocina perfecto no s\u00f3lo debe tener capacidad de secado, adem\u00e1s no puede dejar pelusa, debe mantener un aspecto digno despu\u00e9s del uso, se debe poder colgar para tenerlo localizado&#8230; Un d\u00eda encontr\u00e9 un material, el lino 100% r\u00fastico, que satisfac\u00eda todas estas exigencias, as\u00ed que me decid\u00ed a confeccionar unos pa\u00f1os para m\u00ed y como regalo de Navidades para los dem\u00e1s familiares y amigos \u00abcocinitas\u00bb&#8230; y aqu\u00ed est\u00e1n. Pa\u00f1o de cocina de 45 x 60 cm. Fabricado en lino 100% en color natural Ojal de lat\u00f3n para colgar<\/p>\n<p>Adorno de flor de lana prensada en cinco colores<\/p>\n<p><strong>Paquete de dos pa\u00f1os &#8211; 24 euros<\/strong><\/p>\n<p><img alt='33_trapos-1-1558759' src='https:\/\/web.archive.org\/web\/20241122144208\/http:\/\/www.belenesparza.es\/wp-content\/uploads\/2013\/07\/33_trapos-1-1558759.jpg' \/><strong>\u00a0<\/strong> \u00a0 <img alt='33_ventas1-9493658' src='https:\/\/web.archive.org\/web\/20241122144208\/http:\/\/www.belenesparza.es\/wp-content\/uploads\/2013\/07\/33_ventas1-9493658.jpg' \/><strong>\u00a0<\/strong> \u00a0 <img alt='33_trapos-2-4241000' src='https:\/\/web.archive.org\/web\/20241122144208\/http:\/\/www.belenesparza.es\/wp-content\/uploads\/2013\/07\/33_trapos-2-4241000.jpg' \/><strong>\u00a0<\/strong> \u00a0 <img alt='33_trapos-3-9550635' src='https:\/\/web.archive.org\/web\/20241122144208\/http:\/\/www.belenesparza.es\/wp-content\/uploads\/2013\/07\/33_trapos-3-9550635.jpg' \/><strong>\u00a0<\/strong> \u00a0 <img alt='33_trapos-5-1648956' src='https:\/\/web.archive.org\/web\/20241122144208\/http:\/\/www.belenesparza.es\/wp-content\/uploads\/2013\/07\/33_trapos-5-1648956.jpg' \/><strong>\u00a0<\/strong> \u00a0<\/p>\n","protected":false},"excerpt":{"rendered":"<p>Pa\u00f1o de cocina La cocina en los \u00faltimos a\u00f1os ha pasado a ser una actividad social que practicamos con la familia y amigos. As\u00ed, cada vez valoramos m\u00e1s la funcionalidad y el dise\u00f1o de los utensilios, y los \u00abcocinitas\u00bb vamos desarrollando nuestras peque\u00f1as man\u00edas. La m\u00eda, es el pa\u00f1o de cocina. El pa\u00f1o de cocina [&hellip;]<\/p>\n","protected":false},"author":1,"featured_media":0,"parent":793,"menu_order":0,"comment_status":"closed","ping_status":"open","template":"","meta":{"ngg_post_thumbnail":0,"footnotes":""},"class_list":["post-676","page","type-page","status-publish","hentry"],"_links":{"self":[{"href":"https:\/\/belenesparza.es\/index.php\/wp-json\/wp\/v2\/pages\/676","targetHints":{"allow":["GET"]}}],"collection":[{"href":"https:\/\/belenesparza.es\/index.php\/wp-json\/wp\/v2\/pages"}],"about":[{"href":"https:\/\/belenesparza.es\/index.php\/wp-json\/wp\/v2\/types\/page"}],"author":[{"embeddable":true,"href":"https:\/\/belenesparza.es\/index.php\/wp-json\/wp\/v2\/users\/1"}],"replies":[{"embeddable":true,"href":"https:\/\/belenesparza.es\/index.php\/wp-json\/wp\/v2\/comments?post=676"}],"version-history":[{"count":2,"href":"https:\/\/belenesparza.es\/index.php\/wp-json\/wp\/v2\/pages\/676\/revisions"}],"predecessor-version":[{"id":828,"href":"https:\/\/belenesparza.es\/index.php\/wp-json\/wp\/v2\/pages\/676\/revisions\/828"}],"up":[{"embeddable":true,"href":"https:\/\/belenesparza.es\/index.php\/wp-json\/wp\/v2\/pages\/793"}],"wp:attachment":[{"href":"https:\/\/belenesparza.es\/index.php\/wp-json\/wp\/v2\/media?parent=676"}],"curies":[{"name":"wp","href":"https:\/\/api.w.org\/{rel}","templated":true}]}}