{"id":675,"date":"2013-07-26T02:26:26","date_gmt":"2013-07-26T02:26:26","guid":{"rendered":"https:\/\/belenesparza.es\/index.php\/2013\/07\/26\/articulos-moviles-belen-esparza\/"},"modified":"2025-01-10T17:31:52","modified_gmt":"2025-01-10T16:31:52","slug":"articulos-moviles-belen-esparza","status":"publish","type":"page","link":"https:\/\/belenesparza.es\/index.php\/articulos\/articulos-moviles-belen-esparza\/","title":{"rendered":"Art\u00edculos \/ Moviles : belen.esparza"},"content":{"rendered":"<p><strong>movil de alambre de acero y policarbonato<\/strong><\/p>\n<p>Para resolver la iluminaci\u00f3n de una escalera en la Casa del Almirante,ped\u00ed un material que habia conocido en otras obras. Por fortuna, me deb\u00ed explicar mal porque Juan me mando algo bastante diferente.<\/p>\n<p>Pero el nuevo material tenia magia, captaba la luz, la deshacia en colores con esa cualidad de bola incandescente que tiene el sol cuando se pone.<\/p>\n<p>Segun le incide la luz torna en cereza, naranja,azul &#8230;. en algun momento el material me remiti\u00f3 al universo de Mir\u00f3 y con un poco de uno y otro&#8230;&#8230;&#8230;.<\/p>\n<p>Tiene un tama\u00f1o aproximado de 50 cms. Est\u00e1 construido con cables de acero y policarbonato<\/p>\n<p>Buscale un hueco delante de una ventana.<\/p>\n<p><strong>precio movil estrellas 38 euros<\/strong><br \/>\n<strong>precio movil rectangulos 30 euros<\/strong> <img alt='th-70_supermovil1-8604553' src='https:\/\/web.archive.org\/web\/20241122144208\/http:\/\/www.belenesparza.es\/wp-content\/uploads\/2013\/07\/th-70_supermovil1-8604553.jpg' \/> <strong>\u00a0\u00a0\u00a0<\/strong> <em>\u00a0\u00a0\u00a0<\/em> <img alt='th-70_movil-8-9857831' src='https:\/\/web.archive.org\/web\/20241122144208\/http:\/\/www.belenesparza.es\/wp-content\/uploads\/2013\/07\/th-70_movil-8-9857831.jpg' \/> <strong>\u00a0\u00a0\u00a0<\/strong> <em>\u00a0\u00a0\u00a0<\/em> <img alt='th-70_movil-3-1391627' src='https:\/\/web.archive.org\/web\/20241122144208\/http:\/\/www.belenesparza.es\/wp-content\/uploads\/2013\/07\/th-70_movil-3-1391627.jpg' \/> <strong>\u00a0\u00a0\u00a0<\/strong> <em>\u00a0\u00a0\u00a0<\/em> <img alt='th-70_movil-2-9425525' src='https:\/\/web.archive.org\/web\/20241122144208\/http:\/\/www.belenesparza.es\/wp-content\/uploads\/2013\/07\/th-70_movil-2-9425525.jpg' \/> <strong>\u00a0\u00a0\u00a0<\/strong> <em>\u00a0\u00a0\u00a0<\/em> <img alt='th-70_movil7-3368131' src='https:\/\/web.archive.org\/web\/20241122144208\/http:\/\/www.belenesparza.es\/wp-content\/uploads\/2013\/07\/th-70_movil7-3368131.jpg' \/> <strong>\u00a0\u00a0\u00a0<\/strong> <em>\u00a0\u00a0\u00a0<\/em> <img alt='th-70_movil4-7046893' src='https:\/\/web.archive.org\/web\/20241122144208\/http:\/\/www.belenesparza.es\/wp-content\/uploads\/2013\/07\/th-70_movil4-7046893.jpg' \/> <strong>\u00a0\u00a0\u00a0<\/strong> <em>\u00a0\u00a0\u00a0<\/em> <img alt='th-70_movil6-7256174' src='https:\/\/web.archive.org\/web\/20241122144208\/http:\/\/www.belenesparza.es\/wp-content\/uploads\/2013\/07\/th-70_movil6-7256174.jpg' \/> <strong>\u00a0\u00a0\u00a0<\/strong> <em>\u00a0\u00a0\u00a0<\/em> <img alt='th-70_movil5-2853433' src='https:\/\/web.archive.org\/web\/20241122144208\/http:\/\/www.belenesparza.es\/wp-content\/uploads\/2013\/07\/th-70_movil5-2853433.jpg' \/> <strong>\u00a0\u00a0\u00a0<\/strong> <em>\u00a0\u00a0\u00a0<\/em><\/p>\n","protected":false},"excerpt":{"rendered":"<p>movil de alambre de acero y policarbonato Para resolver la iluminaci\u00f3n de una escalera en la Casa del Almirante,ped\u00ed un material que habia conocido en otras obras. Por fortuna, me deb\u00ed explicar mal porque Juan me mando algo bastante diferente. Pero el nuevo material tenia magia, captaba la luz, la deshacia en colores con esa [&hellip;]<\/p>\n","protected":false},"author":1,"featured_media":0,"parent":793,"menu_order":0,"comment_status":"closed","ping_status":"open","template":"","meta":{"ngg_post_thumbnail":0,"footnotes":""},"class_list":["post-675","page","type-page","status-publish","hentry"],"_links":{"self":[{"href":"https:\/\/belenesparza.es\/index.php\/wp-json\/wp\/v2\/pages\/675","targetHints":{"allow":["GET"]}}],"collection":[{"href":"https:\/\/belenesparza.es\/index.php\/wp-json\/wp\/v2\/pages"}],"about":[{"href":"https:\/\/belenesparza.es\/index.php\/wp-json\/wp\/v2\/types\/page"}],"author":[{"embeddable":true,"href":"https:\/\/belenesparza.es\/index.php\/wp-json\/wp\/v2\/users\/1"}],"replies":[{"embeddable":true,"href":"https:\/\/belenesparza.es\/index.php\/wp-json\/wp\/v2\/comments?post=675"}],"version-history":[{"count":2,"href":"https:\/\/belenesparza.es\/index.php\/wp-json\/wp\/v2\/pages\/675\/revisions"}],"predecessor-version":[{"id":823,"href":"https:\/\/belenesparza.es\/index.php\/wp-json\/wp\/v2\/pages\/675\/revisions\/823"}],"up":[{"embeddable":true,"href":"https:\/\/belenesparza.es\/index.php\/wp-json\/wp\/v2\/pages\/793"}],"wp:attachment":[{"href":"https:\/\/belenesparza.es\/index.php\/wp-json\/wp\/v2\/media?parent=675"}],"curies":[{"name":"wp","href":"https:\/\/api.w.org\/{rel}","templated":true}]}}