{"id":67,"date":"2024-11-22T14:42:08","date_gmt":"2024-11-22T14:42:08","guid":{"rendered":"https:\/\/belenesparza.es\/index.php\/2024\/11\/22\/main-belen-esparza\/"},"modified":"2025-01-10T18:31:38","modified_gmt":"2025-01-10T17:31:38","slug":"main-belen-esparza","status":"publish","type":"page","link":"https:\/\/belenesparza.es\/index.php\/main-belen-esparza\/","title":{"rendered":"Sobre mi"},"content":{"rendered":"<p><strong>BELEN ESPARZA arquitecta.- Nac\u00ed en Pamplona en el a\u00f1o 1952<\/strong><\/p>\n<p>Soy arquitecto desde el a\u00f1o 1975, licenciada en arquitectura y urbanismo por la Universidad de Navarra.<\/p>\n<p>Durante ese tiempo he desarrollado mi actividad profesional en el estudio Blasco Esparza y durante trece a\u00f1os dirigiendo la oficina de rehabilitaci\u00f3n de edificios y viviendas de la Ribera de Navarra<br \/>\nLa relaci\u00f3n de mi trabajo profesional est\u00e1 recogida en la p\u00e1gina del estudio.<\/p>\n<p>Pero, a lo largo de los a\u00f1os, siempre he sacado tiempo para divertirme experimentando con los materiales, las artesan\u00edas aprendidas en el colegio (las labores propias de la educaci\u00f3n femenina de los 60) o los objetos que ca\u00edan en mis manos, materiales de obra, recogidos en derribos\u2026<\/p>\n<p>El objetivo pod\u00eda ser diverso, desde dise\u00f1ar las cosas para mi hogar, resolver un regalo, o m\u00e1s profesionalmente ejecutar piezas singulares para el interior de los trabajos de arquitectura cuando hab\u00eda ocasi\u00f3n.<\/p>\n<p>En esta p\u00e1gina quiero publicar estos aspectos que, por su car\u00e1cter, singularidad y autor\u00eda no est\u00e1n recogidos en la p\u00e1gina del despacho Blasco Esparza.<\/p>\n<p>\u00a9 2011 Belen Esparza<br \/>\nbelen.esparza@hotmail.es<\/p>\n<p>twitter<\/p>\n<p>facebook<\/p>\n<p>ngg_shortcode_0_placeholder<strong>&nbsp;<\/strong><\/p>\n","protected":false},"excerpt":{"rendered":"<p>BELEN ESPARZA arquitecta.- Nac\u00ed en Pamplona en el a\u00f1o 1952 Soy arquitecto desde el a\u00f1o 1975, licenciada en arquitectura y urbanismo por la Universidad de Navarra. Durante ese tiempo he desarrollado mi actividad profesional en el estudio Blasco Esparza y durante trece a\u00f1os dirigiendo la oficina de rehabilitaci\u00f3n de edificios y viviendas de la Ribera [&hellip;]<\/p>\n","protected":false},"author":1,"featured_media":0,"parent":0,"menu_order":0,"comment_status":"closed","ping_status":"open","template":"","meta":{"ngg_post_thumbnail":0,"footnotes":""},"class_list":["post-67","page","type-page","status-publish","hentry"],"_links":{"self":[{"href":"https:\/\/belenesparza.es\/index.php\/wp-json\/wp\/v2\/pages\/67","targetHints":{"allow":["GET"]}}],"collection":[{"href":"https:\/\/belenesparza.es\/index.php\/wp-json\/wp\/v2\/pages"}],"about":[{"href":"https:\/\/belenesparza.es\/index.php\/wp-json\/wp\/v2\/types\/page"}],"author":[{"embeddable":true,"href":"https:\/\/belenesparza.es\/index.php\/wp-json\/wp\/v2\/users\/1"}],"replies":[{"embeddable":true,"href":"https:\/\/belenesparza.es\/index.php\/wp-json\/wp\/v2\/comments?post=67"}],"version-history":[{"count":8,"href":"https:\/\/belenesparza.es\/index.php\/wp-json\/wp\/v2\/pages\/67\/revisions"}],"predecessor-version":[{"id":1148,"href":"https:\/\/belenesparza.es\/index.php\/wp-json\/wp\/v2\/pages\/67\/revisions\/1148"}],"wp:attachment":[{"href":"https:\/\/belenesparza.es\/index.php\/wp-json\/wp\/v2\/media?parent=67"}],"curies":[{"name":"wp","href":"https:\/\/api.w.org\/{rel}","templated":true}]}}