{"id":65,"date":"2024-05-28T05:11:43","date_gmt":"2024-05-28T05:11:43","guid":{"rendered":"https:\/\/belenesparza.es\/index.php\/2024\/05\/28\/diseno-grafico-panticosa-1-belen-esparza\/"},"modified":"2025-01-10T17:38:49","modified_gmt":"2025-01-10T16:38:49","slug":"diseno-grafico-panticosa-1-belen-esparza","status":"publish","type":"page","link":"https:\/\/belenesparza.es\/index.php\/diseno\/diseno-grafico-panticosa-1-belen-esparza\/","title":{"rendered":"Dise\u00f1o gr\u00e1fico \/ Panticosa 1 : belen.esparza"},"content":{"rendered":"<p>\n<strong>Proyecto<\/strong> Hotel Mediodia 1<br \/>\n<strong>Cliente<\/strong> Nozar<br \/>\n<strong>Arquitecto<\/strong> Rafael Moneo<br \/>\n<strong>Lugar<\/strong> Balneario de Panticosa, HUESCA<br \/>\n<strong>Fecha<\/strong> 2005-2007 Dise\u00f1os gr\u00e1ficos para la estampaci\u00f3n sobre madera o fabricacion de moquetas<\/p>\n<p><img alt='7_143111' src='https:\/\/web.archive.org\/web\/20241122144208\/http:\/\/www.belenesparza.es\/wp-content\/uploads\/2024\/05\/7_143111.jpg' \/> <img alt='7_143110' src='https:\/\/web.archive.org\/web\/20241122144208\/http:\/\/www.belenesparza.es\/wp-content\/uploads\/2024\/05\/7_143110.jpg' \/><\/p>\n<p>variaciones crom\u00e1ticas\u00a0\u00a0<\/p>\n<p><img alt='7_estampadomesa1' src='https:\/\/web.archive.org\/web\/20241122144208\/http:\/\/www.belenesparza.es\/wp-content\/uploads\/2024\/05\/7_estampadomesa1.jpg' \/> <img alt='7_t-01-copy' src='https:\/\/web.archive.org\/web\/20241122144208\/http:\/\/www.belenesparza.es\/wp-content\/uploads\/2024\/05\/7_t-01-copy.jpg' \/><\/p>\n<p>pattern para fabricaci\u00f3n de muebles\u00a0\u00a0<\/p>\n<p><img alt='7_t-04-copy' src='https:\/\/web.archive.org\/web\/20241122144208\/http:\/\/www.belenesparza.es\/wp-content\/uploads\/2024\/05\/7_t-04-copy.jpg' \/><\/p>\n<p>pattern para confecci\u00f3n de moqueta\u00a0\u00a0<\/p>\n<p><img alt='7_p-04-copy' src='https:\/\/web.archive.org\/web\/20241122144208\/http:\/\/www.belenesparza.es\/wp-content\/uploads\/2024\/05\/7_p-04-copy.jpg' \/><\/p>\n<p>pattern para estampaci\u00f3n de moqueta\u00a0\u00a0<\/p>\n<p><img alt='7_p-02-copy-9489098' src='https:\/\/web.archive.org\/web\/20241122144208\/http:\/\/www.belenesparza.es\/wp-content\/uploads\/2024\/05\/7_p-02-copy-9489098.jpg' \/><\/p>\n<p>pattern para fabricaci\u00f3n de moqueta\u00a0\u00a0<\/p>\n","protected":false},"excerpt":{"rendered":"<p>Proyecto Hotel Mediodia 1 Cliente Nozar Arquitecto Rafael Moneo Lugar Balneario de Panticosa, HUESCA Fecha 2005-2007 Dise\u00f1os gr\u00e1ficos para la estampaci\u00f3n sobre madera o fabricacion de moquetas variaciones crom\u00e1ticas\u00a0\u00a0 pattern para fabricaci\u00f3n de muebles\u00a0\u00a0 pattern para confecci\u00f3n de moqueta\u00a0\u00a0 pattern para estampaci\u00f3n de moqueta\u00a0\u00a0 pattern para fabricaci\u00f3n de moqueta\u00a0\u00a0<\/p>\n","protected":false},"author":1,"featured_media":0,"parent":863,"menu_order":0,"comment_status":"closed","ping_status":"open","template":"","meta":{"ngg_post_thumbnail":0,"footnotes":""},"class_list":["post-65","page","type-page","status-publish","hentry"],"_links":{"self":[{"href":"https:\/\/belenesparza.es\/index.php\/wp-json\/wp\/v2\/pages\/65","targetHints":{"allow":["GET"]}}],"collection":[{"href":"https:\/\/belenesparza.es\/index.php\/wp-json\/wp\/v2\/pages"}],"about":[{"href":"https:\/\/belenesparza.es\/index.php\/wp-json\/wp\/v2\/types\/page"}],"author":[{"embeddable":true,"href":"https:\/\/belenesparza.es\/index.php\/wp-json\/wp\/v2\/users\/1"}],"replies":[{"embeddable":true,"href":"https:\/\/belenesparza.es\/index.php\/wp-json\/wp\/v2\/comments?post=65"}],"version-history":[{"count":2,"href":"https:\/\/belenesparza.es\/index.php\/wp-json\/wp\/v2\/pages\/65\/revisions"}],"predecessor-version":[{"id":871,"href":"https:\/\/belenesparza.es\/index.php\/wp-json\/wp\/v2\/pages\/65\/revisions\/871"}],"up":[{"embeddable":true,"href":"https:\/\/belenesparza.es\/index.php\/wp-json\/wp\/v2\/pages\/863"}],"wp:attachment":[{"href":"https:\/\/belenesparza.es\/index.php\/wp-json\/wp\/v2\/media?parent=65"}],"curies":[{"name":"wp","href":"https:\/\/api.w.org\/{rel}","templated":true}]}}